{"id":10941,"date":"2021-08-27T12:11:46","date_gmt":"2021-08-27T10:11:46","guid":{"rendered":"https:\/\/maxromahats.com\/prodotto\/el-alma-y-el-cuerpo\/"},"modified":"2024-01-17T11:25:06","modified_gmt":"2024-01-17T10:25:06","slug":"el-alma-y-el-cuerpo","status":"publish","type":"product","link":"https:\/\/maxromahats.com\/en\/hats\/handmade-straw-hats\/el-alma-y-el-cuerpo\/","title":{"rendered":"El Alma Y El Cuerpo"},"content":{"rendered":"<p class=\"p1\">The EL ALMA Y EL CUERPO hat is crafted from fine panama Ecuadorian toquilla straw. It features a contrast band with bow and hand-painted feather for a boost of class and personality. Medium-size 7 cm brim, completed with elegant leather sweatband and branded Max Roma inner lining. The making of each MRH takes 4 weeks of painstaking work performed by Max Roma himself. Max takes Ecuadorian straw hat and turns it into a timeless collectible. Every single piece is completely handcrafted, with love and talent.<\/p>\n","protected":false},"excerpt":{"rendered":"<ul>\n<li class=\"li1\">100% Ecuadorian straw hat<\/li>\n<li class=\"li2\">7 cm brim<\/li>\n<li class=\"li2\">Contrast band with bow and hand-painted feather<\/li>\n<li class=\"li3\">Made to order<\/li>\n<\/ul>\n<p><em>&#8220;Ya s\u00e9 que vo&#8217; a llorar; no me voy a quejar, no me voy a re\u00edr<br aria-hidden=\"true\" \/>S\u00e9 que en la oscuridad no se puede ver na&#8217; si t\u00fa no est\u00e1s aqu\u00ed<\/em><em>&#8220;<\/em><\/p>\n<p><em>Bomba Est\u00e9reo _ Listen to it in the<span style=\"color: #00070e;\"> <span style=\"text-decoration: underline;\"><a style=\"color: #00070e; text-decoration: underline;\" href=\"https:\/\/open.spotify.com\/playlist\/5UunB0UyGlw3ty8KRUuEo4?si=69e82cb1054e481b\" target=\"_blank\" rel=\"noopener\">MRH Spotify playlist<\/a><\/span><\/span><\/em><\/p>\n<p>Note: Colours may appear different, due to lighting and screen resolution<\/p>\n","protected":false},"featured_media":10435,"template":"","meta":{"_joinchat":[]},"product_brand":[],"product_cat":[122,110],"product_tag":[],"class_list":{"0":"post-10941","1":"product","2":"type-product","3":"status-publish","4":"has-post-thumbnail","6":"product_cat-hats","7":"product_cat-handmade-straw-hats","9":"first","10":"instock","11":"sale","12":"taxable","13":"shipping-taxable","14":"purchasable","15":"product-type-variable"},"yoast_head":"<!-- This site is optimized with the Yoast SEO plugin v26.8 - https:\/\/yoast.com\/product\/yoast-seo-wordpress\/ -->\n<title>El Alma Y El Cuerpo - Max Roma Hats<\/title>\n<meta name=\"description\" content=\"Handcrafted straw hat, 100% hand-woven Ecuadorian Panama. 7.5 cm brim. Headband with hand-painted feather bow.\" \/>\n<meta name=\"robots\" content=\"index, follow, max-snippet:-1, max-image-preview:large, max-video-preview:-1\" \/>\n<link rel=\"canonical\" href=\"https:\/\/maxromahats.com\/en\/hats\/handmade-straw-hats\/el-alma-y-el-cuerpo\/\" \/>\n<meta property=\"og:locale\" content=\"en_US\" \/>\n<meta property=\"og:type\" content=\"article\" \/>\n<meta property=\"og:title\" content=\"El Alma Y El Cuerpo - Max Roma Hats\" \/>\n<meta property=\"og:description\" content=\"Handcrafted straw hat, 100% hand-woven Ecuadorian Panama. 7.5 cm brim. Headband with hand-painted feather bow.\" \/>\n<meta property=\"og:url\" content=\"https:\/\/maxromahats.com\/en\/hats\/handmade-straw-hats\/el-alma-y-el-cuerpo\/\" \/>\n<meta property=\"og:site_name\" content=\"Max Roma Hats\" \/>\n<meta property=\"article:publisher\" content=\"https:\/\/www.facebook.com\/maxromahats\" \/>\n<meta property=\"article:modified_time\" content=\"2024-01-17T10:25:06+00:00\" \/>\n<meta property=\"og:image\" content=\"https:\/\/maxromahats.com\/wp-content\/uploads\/2021\/08\/cappello-artigianale-paglia-el-alma-cuerpo-10.jpg\" \/>\n\t<meta property=\"og:image:width\" content=\"1500\" \/>\n\t<meta property=\"og:image:height\" content=\"1500\" \/>\n\t<meta property=\"og:image:type\" content=\"image\/jpeg\" \/>\n<meta name=\"twitter:card\" content=\"summary_large_image\" \/>\n<meta name=\"twitter:label1\" content=\"Est. reading time\" \/>\n\t<meta name=\"twitter:data1\" content=\"1 minute\" \/>\n<script type=\"application\/ld+json\" class=\"yoast-schema-graph\">{\"@context\":\"https:\/\/schema.org\",\"@graph\":[{\"@type\":\"WebPage\",\"@id\":\"https:\/\/maxromahats.com\/en\/hats\/handmade-straw-hats\/el-alma-y-el-cuerpo\/\",\"url\":\"https:\/\/maxromahats.com\/en\/hats\/handmade-straw-hats\/el-alma-y-el-cuerpo\/\",\"name\":\"El Alma Y El Cuerpo - Max Roma Hats\",\"isPartOf\":{\"@id\":\"https:\/\/maxromahats.com\/en\/#website\"},\"primaryImageOfPage\":{\"@id\":\"https:\/\/maxromahats.com\/en\/hats\/handmade-straw-hats\/el-alma-y-el-cuerpo\/#primaryimage\"},\"image\":{\"@id\":\"https:\/\/maxromahats.com\/en\/hats\/handmade-straw-hats\/el-alma-y-el-cuerpo\/#primaryimage\"},\"thumbnailUrl\":\"https:\/\/maxromahats.com\/wp-content\/uploads\/2021\/08\/cappello-artigianale-paglia-el-alma-cuerpo-10.jpg\",\"datePublished\":\"2021-08-27T10:11:46+00:00\",\"dateModified\":\"2024-01-17T10:25:06+00:00\",\"description\":\"Handcrafted straw hat, 100% hand-woven Ecuadorian Panama. 7.5 cm brim. Headband with hand-painted feather bow.\",\"breadcrumb\":{\"@id\":\"https:\/\/maxromahats.com\/en\/hats\/handmade-straw-hats\/el-alma-y-el-cuerpo\/#breadcrumb\"},\"inLanguage\":\"en-US\",\"potentialAction\":[{\"@type\":\"ReadAction\",\"target\":[\"https:\/\/maxromahats.com\/en\/hats\/handmade-straw-hats\/el-alma-y-el-cuerpo\/\"]}]},{\"@type\":\"ImageObject\",\"inLanguage\":\"en-US\",\"@id\":\"https:\/\/maxromahats.com\/en\/hats\/handmade-straw-hats\/el-alma-y-el-cuerpo\/#primaryimage\",\"url\":\"https:\/\/maxromahats.com\/wp-content\/uploads\/2021\/08\/cappello-artigianale-paglia-el-alma-cuerpo-10.jpg\",\"contentUrl\":\"https:\/\/maxromahats.com\/wp-content\/uploads\/2021\/08\/cappello-artigianale-paglia-el-alma-cuerpo-10.jpg\",\"width\":1500,\"height\":1500},{\"@type\":\"BreadcrumbList\",\"@id\":\"https:\/\/maxromahats.com\/en\/hats\/handmade-straw-hats\/el-alma-y-el-cuerpo\/#breadcrumb\",\"itemListElement\":[{\"@type\":\"ListItem\",\"position\":1,\"name\":\"Home\",\"item\":\"https:\/\/maxromahats.com\/en\/\"},{\"@type\":\"ListItem\",\"position\":2,\"name\":\"Shop\",\"item\":\"https:\/\/maxromahats.com\/negozio\/\"},{\"@type\":\"ListItem\",\"position\":3,\"name\":\"El Alma Y El Cuerpo\"}]},{\"@type\":\"WebSite\",\"@id\":\"https:\/\/maxromahats.com\/en\/#website\",\"url\":\"https:\/\/maxromahats.com\/en\/\",\"name\":\"Max Roma Hats\",\"description\":\"Cappelli artigianali, fatti a mano e su misura\",\"publisher\":{\"@id\":\"https:\/\/maxromahats.com\/en\/#organization\"},\"potentialAction\":[{\"@type\":\"SearchAction\",\"target\":{\"@type\":\"EntryPoint\",\"urlTemplate\":\"https:\/\/maxromahats.com\/en\/?s={search_term_string}\"},\"query-input\":{\"@type\":\"PropertyValueSpecification\",\"valueRequired\":true,\"valueName\":\"search_term_string\"}}],\"inLanguage\":\"en-US\"},{\"@type\":\"Organization\",\"@id\":\"https:\/\/maxromahats.com\/en\/#organization\",\"name\":\"Max Roma Hats\",\"url\":\"https:\/\/maxromahats.com\/en\/\",\"logo\":{\"@type\":\"ImageObject\",\"inLanguage\":\"en-US\",\"@id\":\"https:\/\/maxromahats.com\/en\/#\/schema\/logo\/image\/\",\"url\":\"https:\/\/maxromahats.com\/wp-content\/uploads\/2023\/04\/LOGO-02.jpg\",\"contentUrl\":\"https:\/\/maxromahats.com\/wp-content\/uploads\/2023\/04\/LOGO-02.jpg\",\"width\":465,\"height\":150,\"caption\":\"Max Roma Hats\"},\"image\":{\"@id\":\"https:\/\/maxromahats.com\/en\/#\/schema\/logo\/image\/\"},\"sameAs\":[\"https:\/\/www.facebook.com\/maxromahats\",\"https:\/\/www.instagram.com\/maxromahats\/\",\"https:\/\/www.youtube.com\/@maxromahats2951\"]}]}<\/script>\n<!-- \/ Yoast SEO plugin. -->","yoast_head_json":{"title":"El Alma Y El Cuerpo - Max Roma Hats","description":"Handcrafted straw hat, 100% hand-woven Ecuadorian Panama. 7.5 cm brim. Headband with hand-painted feather bow.","robots":{"index":"index","follow":"follow","max-snippet":"max-snippet:-1","max-image-preview":"max-image-preview:large","max-video-preview":"max-video-preview:-1"},"canonical":"https:\/\/maxromahats.com\/en\/hats\/handmade-straw-hats\/el-alma-y-el-cuerpo\/","og_locale":"en_US","og_type":"article","og_title":"El Alma Y El Cuerpo - Max Roma Hats","og_description":"Handcrafted straw hat, 100% hand-woven Ecuadorian Panama. 7.5 cm brim. Headband with hand-painted feather bow.","og_url":"https:\/\/maxromahats.com\/en\/hats\/handmade-straw-hats\/el-alma-y-el-cuerpo\/","og_site_name":"Max Roma Hats","article_publisher":"https:\/\/www.facebook.com\/maxromahats","article_modified_time":"2024-01-17T10:25:06+00:00","og_image":[{"width":1500,"height":1500,"url":"https:\/\/maxromahats.com\/wp-content\/uploads\/2021\/08\/cappello-artigianale-paglia-el-alma-cuerpo-10.jpg","type":"image\/jpeg"}],"twitter_card":"summary_large_image","twitter_misc":{"Est. reading time":"1 minute"},"schema":{"@context":"https:\/\/schema.org","@graph":[{"@type":"WebPage","@id":"https:\/\/maxromahats.com\/en\/hats\/handmade-straw-hats\/el-alma-y-el-cuerpo\/","url":"https:\/\/maxromahats.com\/en\/hats\/handmade-straw-hats\/el-alma-y-el-cuerpo\/","name":"El Alma Y El Cuerpo - Max Roma Hats","isPartOf":{"@id":"https:\/\/maxromahats.com\/en\/#website"},"primaryImageOfPage":{"@id":"https:\/\/maxromahats.com\/en\/hats\/handmade-straw-hats\/el-alma-y-el-cuerpo\/#primaryimage"},"image":{"@id":"https:\/\/maxromahats.com\/en\/hats\/handmade-straw-hats\/el-alma-y-el-cuerpo\/#primaryimage"},"thumbnailUrl":"https:\/\/maxromahats.com\/wp-content\/uploads\/2021\/08\/cappello-artigianale-paglia-el-alma-cuerpo-10.jpg","datePublished":"2021-08-27T10:11:46+00:00","dateModified":"2024-01-17T10:25:06+00:00","description":"Handcrafted straw hat, 100% hand-woven Ecuadorian Panama. 7.5 cm brim. Headband with hand-painted feather bow.","breadcrumb":{"@id":"https:\/\/maxromahats.com\/en\/hats\/handmade-straw-hats\/el-alma-y-el-cuerpo\/#breadcrumb"},"inLanguage":"en-US","potentialAction":[{"@type":"ReadAction","target":["https:\/\/maxromahats.com\/en\/hats\/handmade-straw-hats\/el-alma-y-el-cuerpo\/"]}]},{"@type":"ImageObject","inLanguage":"en-US","@id":"https:\/\/maxromahats.com\/en\/hats\/handmade-straw-hats\/el-alma-y-el-cuerpo\/#primaryimage","url":"https:\/\/maxromahats.com\/wp-content\/uploads\/2021\/08\/cappello-artigianale-paglia-el-alma-cuerpo-10.jpg","contentUrl":"https:\/\/maxromahats.com\/wp-content\/uploads\/2021\/08\/cappello-artigianale-paglia-el-alma-cuerpo-10.jpg","width":1500,"height":1500},{"@type":"BreadcrumbList","@id":"https:\/\/maxromahats.com\/en\/hats\/handmade-straw-hats\/el-alma-y-el-cuerpo\/#breadcrumb","itemListElement":[{"@type":"ListItem","position":1,"name":"Home","item":"https:\/\/maxromahats.com\/en\/"},{"@type":"ListItem","position":2,"name":"Shop","item":"https:\/\/maxromahats.com\/negozio\/"},{"@type":"ListItem","position":3,"name":"El Alma Y El Cuerpo"}]},{"@type":"WebSite","@id":"https:\/\/maxromahats.com\/en\/#website","url":"https:\/\/maxromahats.com\/en\/","name":"Max Roma Hats","description":"Cappelli artigianali, fatti a mano e su misura","publisher":{"@id":"https:\/\/maxromahats.com\/en\/#organization"},"potentialAction":[{"@type":"SearchAction","target":{"@type":"EntryPoint","urlTemplate":"https:\/\/maxromahats.com\/en\/?s={search_term_string}"},"query-input":{"@type":"PropertyValueSpecification","valueRequired":true,"valueName":"search_term_string"}}],"inLanguage":"en-US"},{"@type":"Organization","@id":"https:\/\/maxromahats.com\/en\/#organization","name":"Max Roma Hats","url":"https:\/\/maxromahats.com\/en\/","logo":{"@type":"ImageObject","inLanguage":"en-US","@id":"https:\/\/maxromahats.com\/en\/#\/schema\/logo\/image\/","url":"https:\/\/maxromahats.com\/wp-content\/uploads\/2023\/04\/LOGO-02.jpg","contentUrl":"https:\/\/maxromahats.com\/wp-content\/uploads\/2023\/04\/LOGO-02.jpg","width":465,"height":150,"caption":"Max Roma Hats"},"image":{"@id":"https:\/\/maxromahats.com\/en\/#\/schema\/logo\/image\/"},"sameAs":["https:\/\/www.facebook.com\/maxromahats","https:\/\/www.instagram.com\/maxromahats\/","https:\/\/www.youtube.com\/@maxromahats2951"]}]}},"_links":{"self":[{"href":"https:\/\/maxromahats.com\/en\/wp-json\/wp\/v2\/product\/10941","targetHints":{"allow":["GET"]}}],"collection":[{"href":"https:\/\/maxromahats.com\/en\/wp-json\/wp\/v2\/product"}],"about":[{"href":"https:\/\/maxromahats.com\/en\/wp-json\/wp\/v2\/types\/product"}],"version-history":[{"count":0,"href":"https:\/\/maxromahats.com\/en\/wp-json\/wp\/v2\/product\/10941\/revisions"}],"wp:featuredmedia":[{"embeddable":true,"href":"https:\/\/maxromahats.com\/en\/wp-json\/wp\/v2\/media\/10435"}],"wp:attachment":[{"href":"https:\/\/maxromahats.com\/en\/wp-json\/wp\/v2\/media?parent=10941"}],"wp:term":[{"taxonomy":"product_brand","embeddable":true,"href":"https:\/\/maxromahats.com\/en\/wp-json\/wp\/v2\/product_brand?post=10941"},{"taxonomy":"product_cat","embeddable":true,"href":"https:\/\/maxromahats.com\/en\/wp-json\/wp\/v2\/product_cat?post=10941"},{"taxonomy":"product_tag","embeddable":true,"href":"https:\/\/maxromahats.com\/en\/wp-json\/wp\/v2\/product_tag?post=10941"}],"curies":[{"name":"wp","href":"https:\/\/api.w.org\/{rel}","templated":true}]}}